{"id":317,"date":"2021-01-30T12:43:24","date_gmt":"2021-01-30T12:43:24","guid":{"rendered":"http:\/\/coasteringcaladelpeix.com\/qui-sommes-nous\/"},"modified":"2021-01-30T13:00:26","modified_gmt":"2021-01-30T13:00:26","slug":"qui-sommes-nous","status":"publish","type":"page","link":"https:\/\/coasteringcaladelpeix.com\/fr\/qui-sommes-nous\/","title":{"rendered":"Qui sommes nous"},"content":{"rendered":"<p>[et_pb_section fb_built=\u00a0\u00bb1&Prime; inner_shadow=\u00a0\u00bbon\u00a0\u00bb fullwidth=\u00a0\u00bbon\u00a0\u00bb custom_padding_last_edited=\u00a0\u00bbon|desktop\u00a0\u00bb admin_label=\u00a0\u00bbsection\u00a0\u00bb _builder_version=\u00a0\u00bb3.22&Prime; background_color=\u00a0\u00bb#6aceb6&Prime; background_image=\u00a0\u00bbhttp:\/\/coasteringcaladelpeix.com\/wp-content\/uploads\/2020\/07\/fotoviaferratanew555.6-1.jpg\u00a0\u00bb parallax=\u00a0\u00bbon\u00a0\u00bb parallax_method=\u00a0\u00bboff\u00a0\u00bb custom_margin=\u00a0\u00bb-50px||-50px|\u00a0\u00bb custom_padding_tablet=\u00a0\u00bb50px|0|50px|0&Prime; custom_padding_phone=\u00a0\u00bb\u00a0\u00bb transparent_background=\u00a0\u00bboff\u00a0\u00bb padding_mobile=\u00a0\u00bboff\u00a0\u00bb][et_pb_fullwidth_header header_fullscreen=\u00a0\u00bbon\u00a0\u00bb background_overlay_color=\u00a0\u00bbrgba(0,0,0,0)\u00a0\u00bb admin_label=\u00a0\u00bbT\u00edtulo de anchura completa\u00a0\u00bb _builder_version=\u00a0\u00bb4.4.7&Prime; subhead_font_size=\u00a0\u00bb22px\u00a0\u00bb background_color=\u00a0\u00bbrgba(255, 255, 255, 0)\u00a0\u00bb background_image=\u00a0\u00bbhttp:\/\/coasteringcaladelpeix.com\/wp-content\/uploads\/2020\/07\/coasteringcaladelpeixquienessomos.jpg\u00a0\u00bb background_url=\u00a0\u00bbhttp:\/\/coasteringcaladelpeix.com\/wp-content\/uploads\/2020\/07\/viaferrataquienessomos.gif\u00a0\u00bb button_one_text_size__hover_enabled=\u00a0\u00bboff\u00a0\u00bb button_two_text_size__hover_enabled=\u00a0\u00bboff\u00a0\u00bb button_one_text_color__hover_enabled=\u00a0\u00bboff\u00a0\u00bb button_two_text_color__hover_enabled=\u00a0\u00bboff\u00a0\u00bb button_one_border_width__hover_enabled=\u00a0\u00bboff\u00a0\u00bb button_two_border_width__hover_enabled=\u00a0\u00bboff\u00a0\u00bb button_one_border_color__hover_enabled=\u00a0\u00bboff\u00a0\u00bb button_two_border_color__hover_enabled=\u00a0\u00bboff\u00a0\u00bb button_one_border_radius__hover_enabled=\u00a0\u00bboff\u00a0\u00bb button_two_border_radius__hover_enabled=\u00a0\u00bboff\u00a0\u00bb button_one_letter_spacing__hover_enabled=\u00a0\u00bboff\u00a0\u00bb button_two_letter_spacing__hover_enabled=\u00a0\u00bboff\u00a0\u00bb button_one_bg_color__hover_enabled=\u00a0\u00bboff\u00a0\u00bb button_two_bg_color__hover_enabled=\u00a0\u00bboff\u00a0\u00bb][\/et_pb_fullwidth_header][\/et_pb_section][et_pb_section fb_built=\u00a0\u00bb1&Prime; admin_label=\u00a0\u00bbsection\u00a0\u00bb _builder_version=\u00a0\u00bb4.4.7&Prime; top_divider_style=\u00a0\u00bbwaves2&Prime; top_divider_color=\u00a0\u00bb#0c71c3&Prime;][et_pb_row column_structure=\u00a0\u00bb1_2,1_2&Prime; _builder_version=\u00a0\u00bb4.4.2&Prime;][et_pb_column type=\u00a0\u00bb1_2&Prime; _builder_version=\u00a0\u00bb3.25&Prime; custom_padding=\u00a0\u00bb|||\u00a0\u00bb custom_padding__hover=\u00a0\u00bb|||\u00a0\u00bb][dsm_perspective_image _builder_version=\u00a0\u00bb4.4.7&Prime;][\/dsm_perspective_image][dsm_perspective_image src=\u00a0\u00bbhttp:\/\/coasteringcaladelpeix.com\/wp-content\/uploads\/2020\/07\/FOTO-4mini2.jpg\u00a0\u00bb title_text=\u00a0\u00bbFOTO 4mini2&Prime; perspective=\u00a0\u00bb846px\u00a0\u00bb dsm_rotate_y=\u00a0\u00bb25deg\u00a0\u00bb dsm_rotate_x=\u00a0\u00bb25deg\u00a0\u00bb dsm_rotate_z=\u00a0\u00bb-15deg\u00a0\u00bb _builder_version=\u00a0\u00bb4.4.7&Prime;][\/dsm_perspective_image][\/et_pb_column][et_pb_column type=\u00a0\u00bb1_2&Prime; _builder_version=\u00a0\u00bb3.25&Prime; custom_padding=\u00a0\u00bb|||\u00a0\u00bb custom_padding__hover=\u00a0\u00bb|||\u00a0\u00bb][\/et_pb_column][\/et_pb_row][et_pb_row _builder_version=\u00a0\u00bb4.4.7&Prime; custom_margin=\u00a0\u00bb135px||||false|false\u00a0\u00bb][et_pb_column type=\u00a0\u00bb4_4&Prime; _builder_version=\u00a0\u00bb3.25&Prime; custom_padding=\u00a0\u00bb|||\u00a0\u00bb custom_padding__hover=\u00a0\u00bb|||\u00a0\u00bb][et_pb_text _builder_version=\u00a0\u00bb4.4.7&Prime; text_font=\u00a0\u00bb|700|||||||\u00a0\u00bb text_text_color=\u00a0\u00bb#0c71c3&Prime; text_font_size=\u00a0\u00bb30px\u00a0\u00bb]<\/p>\n<p>DANI<\/p>\n<p>[\/et_pb_text][et_pb_text admin_label=\u00a0\u00bbText\u00a0\u00bb _builder_version=\u00a0\u00bb3.27.4&Prime; text_font=\u00a0\u00bb||on||||||\u00a0\u00bb text_text_color=\u00a0\u00bbrgba(43,130,58,0.79)\u00a0\u00bb header_font=\u00a0\u00bb||on|on|||||\u00a0\u00bb header_text_color=\u00a0\u00bbrgba(43,130,58,0.79)\u00a0\u00bb header_2_font=\u00a0\u00bb||||||||\u00a0\u00bb background_color=\u00a0\u00bbrgba(77,158,26,0)\u00a0\u00bb background_size=\u00a0\u00bbinitial\u00a0\u00bb background_position=\u00a0\u00bbtop_left\u00a0\u00bb background_repeat=\u00a0\u00bbrepeat\u00a0\u00bb header_text_shadow_style=\u00a0\u00bbpreset4&Prime; header_text_shadow_vertical_length=\u00a0\u00bb0.09em\u00a0\u00bb header_text_shadow_color=\u00a0\u00bbrgba(43,130,58,0.79)\u00a0\u00bb use_border_color=\u00a0\u00bboff\u00a0\u00bb border_color=\u00a0\u00bb#ffffff\u00a0\u00bb border_style=\u00a0\u00bbsolid\u00a0\u00bb]<\/p>\n<h4><strong>Responsable via guiada<\/strong><\/h4>\n<h4><\/h4>\n<p>[\/et_pb_text][et_pb_text _builder_version=\u00a0\u00bb3.27.4&Prime; text_font=\u00a0\u00bb||||||||\u00a0\u00bb text_font_size=\u00a0\u00bb17px\u00a0\u00bb]<\/p>\n<p><strong>&#8211; Gu\u00eda certificado por barrancos.<\/strong><\/p>\n<p><strong>&#8211; N\u00famero ROPEC*: 030774.<\/strong><\/p>\n<p><strong>&#8211; Seguro RC &#8211; AXA Insurance &#8211; P\u00f3liza IIG2019000484.<\/strong><\/p>\n<p>[\/et_pb_text][\/et_pb_column][\/et_pb_row][et_pb_row _builder_version=\u00a0\u00bb4.4.2&Prime;][et_pb_column type=\u00a0\u00bb4_4&Prime; _builder_version=\u00a0\u00bb4.4.2&Prime;][et_pb_counters _builder_version=\u00a0\u00bb4.8.2&Prime;][et_pb_counter percent=\u00a0\u00bb100&Prime; bar_background_color=\u00a0\u00bb#e09900&Prime; _builder_version=\u00a0\u00bb4.8.2&Prime; title_text_color=\u00a0\u00bb#000000&Prime; title_font_size=\u00a0\u00bb19px\u00a0\u00bb background_enable_color_default=\u00a0\u00bbon\u00a0\u00bb parallax_default=\u00a0\u00bboff\u00a0\u00bb parallax_method_default=\u00a0\u00bbon\u00a0\u00bb bar_background_color_default=\u00a0\u00bb#7EBEC5&Prime; use_percentages=\u00a0\u00bbon\u00a0\u00bb allow_player_pause_default=\u00a0\u00bboff\u00a0\u00bb]Niveau technique en Via Ferrata[\/et_pb_counter][et_pb_counter percent=\u00a0\u00bb100&Prime; bar_background_color=\u00a0\u00bb#e09900&Prime; _builder_version=\u00a0\u00bb4.8.2&Prime; title_text_color=\u00a0\u00bb#000000&Prime; title_font_size=\u00a0\u00bb19px\u00a0\u00bb background_enable_color_default=\u00a0\u00bbon\u00a0\u00bb parallax_default=\u00a0\u00bboff\u00a0\u00bb parallax_method_default=\u00a0\u00bbon\u00a0\u00bb bar_background_color_default=\u00a0\u00bb#7EBEC5&Prime; use_percentages=\u00a0\u00bbon\u00a0\u00bb allow_player_pause_default=\u00a0\u00bboff\u00a0\u00bb]Niveau technique en Canyoning[\/et_pb_counter][et_pb_counter percent=\u00a0\u00bb75&Prime; bar_background_color=\u00a0\u00bb#e09900&Prime; _builder_version=\u00a0\u00bb4.8.2&Prime; title_text_color=\u00a0\u00bb#000000&Prime; title_font_size=\u00a0\u00bb19px\u00a0\u00bb background_enable_color_default=\u00a0\u00bbon\u00a0\u00bb parallax_default=\u00a0\u00bboff\u00a0\u00bb parallax_method_default=\u00a0\u00bbon\u00a0\u00bb bar_background_color_default=\u00a0\u00bb#7EBEC5&Prime; use_percentages=\u00a0\u00bbon\u00a0\u00bb allow_player_pause_default=\u00a0\u00bboff\u00a0\u00bb]Niveau technique en escalade[\/et_pb_counter][\/et_pb_counters][\/et_pb_column][\/et_pb_row][et_pb_row _builder_version=\u00a0\u00bb4.4.2&Prime;][et_pb_column type=\u00a0\u00bb4_4&Prime; _builder_version=\u00a0\u00bb4.4.2&Prime;][et_pb_counters _builder_version=\u00a0\u00bb4.8.2&Prime;][et_pb_counter percent=\u00a0\u00bb100&Prime; bar_background_color=\u00a0\u00bb#0c71c3&Prime; _builder_version=\u00a0\u00bb4.4.2&Prime; title_text_color=\u00a0\u00bb#000000&Prime; title_font_size=\u00a0\u00bb19px\u00a0\u00bb percent_text_color=\u00a0\u00bb#f4f4f4&Prime; background_enable_color_default=\u00a0\u00bbon\u00a0\u00bb parallax_default=\u00a0\u00bboff\u00a0\u00bb parallax_method_default=\u00a0\u00bbon\u00a0\u00bb bar_background_color_default=\u00a0\u00bb#7EBEC5&Prime; use_percentages=\u00a0\u00bbon\u00a0\u00bb allow_player_pause_default=\u00a0\u00bboff\u00a0\u00bb]Catalan[\/et_pb_counter][et_pb_counter percent=\u00a0\u00bb100&Prime; bar_background_color=\u00a0\u00bb#0c71c3&Prime; _builder_version=\u00a0\u00bb4.8.2&Prime; title_text_color=\u00a0\u00bb#000000&Prime; title_font_size=\u00a0\u00bb19px\u00a0\u00bb percent_text_color=\u00a0\u00bb#f4f4f4&Prime; background_enable_color_default=\u00a0\u00bbon\u00a0\u00bb parallax_default=\u00a0\u00bboff\u00a0\u00bb parallax_method_default=\u00a0\u00bbon\u00a0\u00bb bar_background_color_default=\u00a0\u00bb#7EBEC5&Prime; use_percentages=\u00a0\u00bbon\u00a0\u00bb allow_player_pause_default=\u00a0\u00bboff\u00a0\u00bb]Espagnol[\/et_pb_counter][et_pb_counter percent=\u00a0\u00bb50&Prime; bar_background_color=\u00a0\u00bb#0c71c3&Prime; _builder_version=\u00a0\u00bb4.8.2&Prime; title_text_color=\u00a0\u00bb#000000&Prime; title_font_size=\u00a0\u00bb19px\u00a0\u00bb percent_text_color=\u00a0\u00bb#f4f4f4&Prime; background_enable_color_default=\u00a0\u00bbon\u00a0\u00bb parallax_default=\u00a0\u00bboff\u00a0\u00bb parallax_method_default=\u00a0\u00bbon\u00a0\u00bb bar_background_color_default=\u00a0\u00bb#7EBEC5&Prime; use_percentages=\u00a0\u00bbon\u00a0\u00bb allow_player_pause_default=\u00a0\u00bboff\u00a0\u00bb]Anglais[\/et_pb_counter][et_pb_counter percent=\u00a0\u00bb25&Prime; bar_background_color=\u00a0\u00bb#0c71c3&Prime; _builder_version=\u00a0\u00bb4.8.2&Prime; title_text_color=\u00a0\u00bb#000000&Prime; title_font_size=\u00a0\u00bb19px\u00a0\u00bb percent_text_color=\u00a0\u00bb#f4f4f4&Prime; background_enable_color_default=\u00a0\u00bbon\u00a0\u00bb parallax_default=\u00a0\u00bboff\u00a0\u00bb parallax_method_default=\u00a0\u00bbon\u00a0\u00bb bar_background_color_default=\u00a0\u00bb#7EBEC5&Prime; use_percentages=\u00a0\u00bbon\u00a0\u00bb allow_player_pause_default=\u00a0\u00bboff\u00a0\u00bb]Fran\u00e7ais[\/et_pb_counter][\/et_pb_counters][\/et_pb_column][\/et_pb_row][et_pb_row _builder_version=\u00a0\u00bb3.25&Prime;][et_pb_column type=\u00a0\u00bb4_4&Prime; _builder_version=\u00a0\u00bb3.25&Prime; custom_padding=\u00a0\u00bb|||\u00a0\u00bb custom_padding__hover=\u00a0\u00bb|||\u00a0\u00bb][et_pb_text _builder_version=\u00a0\u00bb4.8.2&Prime; text_font=\u00a0\u00bb|700|||||||\u00a0\u00bb text_text_color=\u00a0\u00bb#0c71c3&Prime; text_font_size=\u00a0\u00bb30px\u00a0\u00bb]<\/p>\n<p><span style=\"vertical-align: inherit;\"><span style=\"vertical-align: inherit;\">JEAN PATRICK<\/span><\/span><\/p>\n<p>[\/et_pb_text][et_pb_text admin_label=\u00a0\u00bbText\u00a0\u00bb _builder_version=\u00a0\u00bb4.8.2&Prime; text_font=\u00a0\u00bb||on||||||\u00a0\u00bb text_text_color=\u00a0\u00bbrgba(43,130,58,0.79)\u00a0\u00bb header_font=\u00a0\u00bb||on|on|||||\u00a0\u00bb header_text_color=\u00a0\u00bbrgba(43,130,58,0.79)\u00a0\u00bb header_2_font=\u00a0\u00bb||||||||\u00a0\u00bb background_color=\u00a0\u00bbrgba(77,158,26,0)\u00a0\u00bb background_size=\u00a0\u00bbinitial\u00a0\u00bb background_position=\u00a0\u00bbtop_left\u00a0\u00bb background_repeat=\u00a0\u00bbrepeat\u00a0\u00bb header_text_shadow_style=\u00a0\u00bbpreset4&Prime; header_text_shadow_vertical_length=\u00a0\u00bb0.09em\u00a0\u00bb header_text_shadow_color=\u00a0\u00bbrgba(43,130,58,0.79)\u00a0\u00bb use_border_color=\u00a0\u00bboff\u00a0\u00bb border_color=\u00a0\u00bb#ffffff\u00a0\u00bb border_style=\u00a0\u00bbsolid\u00a0\u00bb]<\/p>\n<h4><strong>Responsable de la location de mat\u00e9riel et du service client<\/strong><\/h4>\n<h4>\u00a0<\/h4>\n<p>[\/et_pb_text][et_pb_text _builder_version=\u00a0\u00bb4.4.2&Prime; text_font=\u00a0\u00bb||||||||\u00a0\u00bb text_font_size=\u00a0\u00bb17px\u00a0\u00bb]<\/p>\n<p><strong>&#8211; T\u00e9nico deportivo en barrancos nivel II.<\/strong><\/p>\n<p><strong>&#8211; N\u00famero ROPEC* 025041.<\/strong><\/p>\n<p><strong>&#8211; Seguro RC &#8211; AXA Insurance &#8211; P\u00f3liza IIG2019000483.<\/strong><\/p>\n<p><strong>&#8211; Seguro accidente &#8211; Lai Seguradora &#8211; Numero 0111318.<\/strong><\/p>\n<p>[\/et_pb_text][\/et_pb_column][\/et_pb_row][et_pb_row _builder_version=\u00a0\u00bb4.4.2&Prime;][et_pb_column type=\u00a0\u00bb4_4&Prime; _builder_version=\u00a0\u00bb4.4.2&Prime;][et_pb_counters _builder_version=\u00a0\u00bb4.8.2&Prime;][et_pb_counter percent=\u00a0\u00bb100&Prime; bar_background_color=\u00a0\u00bb#e09900&Prime; _builder_version=\u00a0\u00bb4.8.2&Prime; title_text_color=\u00a0\u00bb#000000&Prime; title_font_size=\u00a0\u00bb19px\u00a0\u00bb background_enable_color_default=\u00a0\u00bbon\u00a0\u00bb parallax_default=\u00a0\u00bboff\u00a0\u00bb parallax_method_default=\u00a0\u00bbon\u00a0\u00bb bar_background_color_default=\u00a0\u00bb#7EBEC5&Prime; use_percentages=\u00a0\u00bbon\u00a0\u00bb allow_player_pause_default=\u00a0\u00bboff\u00a0\u00bb]Niveau technique en Via Ferrata[\/et_pb_counter][et_pb_counter percent=\u00a0\u00bb75&Prime; bar_background_color=\u00a0\u00bb#e09900&Prime; _builder_version=\u00a0\u00bb4.8.2&Prime; title_text_color=\u00a0\u00bb#000000&Prime; title_font_size=\u00a0\u00bb19px\u00a0\u00bb background_enable_color_default=\u00a0\u00bbon\u00a0\u00bb parallax_default=\u00a0\u00bboff\u00a0\u00bb parallax_method_default=\u00a0\u00bbon\u00a0\u00bb bar_background_color_default=\u00a0\u00bb#7EBEC5&Prime; use_percentages=\u00a0\u00bbon\u00a0\u00bb allow_player_pause_default=\u00a0\u00bboff\u00a0\u00bb]Niveau technique en Canyoning[\/et_pb_counter][et_pb_counter percent=\u00a0\u00bb100&Prime; bar_background_color=\u00a0\u00bb#e09900&Prime; _builder_version=\u00a0\u00bb4.8.2&Prime; title_text_color=\u00a0\u00bb#000000&Prime; title_font_size=\u00a0\u00bb19px\u00a0\u00bb background_enable_color_default=\u00a0\u00bbon\u00a0\u00bb parallax_default=\u00a0\u00bboff\u00a0\u00bb parallax_method_default=\u00a0\u00bbon\u00a0\u00bb bar_background_color_default=\u00a0\u00bb#7EBEC5&Prime; use_percentages=\u00a0\u00bbon\u00a0\u00bb allow_player_pause_default=\u00a0\u00bboff\u00a0\u00bb]Niveau technique en Coastering[\/et_pb_counter][\/et_pb_counters][\/et_pb_column][\/et_pb_row][et_pb_row _builder_version=\u00a0\u00bb4.4.2&Prime;][et_pb_column type=\u00a0\u00bb4_4&Prime; _builder_version=\u00a0\u00bb4.4.2&Prime;][et_pb_counters _builder_version=\u00a0\u00bb4.8.2&Prime; hover_enabled=\u00a0\u00bb0&Prime; sticky_enabled=\u00a0\u00bb0&Prime;][et_pb_counter percent=\u00a0\u00bb50&Prime; bar_background_color=\u00a0\u00bb#0c71c3&Prime; _builder_version=\u00a0\u00bb4.4.2&Prime; title_text_color=\u00a0\u00bb#000000&Prime; title_font_size=\u00a0\u00bb19px\u00a0\u00bb background_enable_color_default=\u00a0\u00bbon\u00a0\u00bb parallax_default=\u00a0\u00bboff\u00a0\u00bb parallax_method_default=\u00a0\u00bbon\u00a0\u00bb bar_background_color_default=\u00a0\u00bb#7EBEC5&Prime; use_percentages=\u00a0\u00bbon\u00a0\u00bb allow_player_pause_default=\u00a0\u00bboff\u00a0\u00bb]Catalan[\/et_pb_counter][et_pb_counter percent=\u00a0\u00bb100&Prime; bar_background_color=\u00a0\u00bb#0c71c3&Prime; _builder_version=\u00a0\u00bb4.8.2&Prime; title_text_color=\u00a0\u00bb#000000&Prime; title_font_size=\u00a0\u00bb19px\u00a0\u00bb hover_enabled=\u00a0\u00bb0&Prime; background_enable_color_default=\u00a0\u00bbon\u00a0\u00bb parallax_default=\u00a0\u00bboff\u00a0\u00bb parallax_method_default=\u00a0\u00bbon\u00a0\u00bb bar_background_color_default=\u00a0\u00bb#7EBEC5&Prime; use_percentages=\u00a0\u00bbon\u00a0\u00bb allow_player_pause_default=\u00a0\u00bboff\u00a0\u00bb sticky_enabled=\u00a0\u00bb0&Prime;]<\/p>\n<p>Espagnol<\/p>\n<p>[\/et_pb_counter][et_pb_counter percent=\u00a0\u00bb75&Prime; bar_background_color=\u00a0\u00bb#0c71c3&Prime; _builder_version=\u00a0\u00bb4.8.2&Prime; title_text_color=\u00a0\u00bb#000000&Prime; title_font_size=\u00a0\u00bb19px\u00a0\u00bb hover_enabled=\u00a0\u00bb0&Prime; background_enable_color_default=\u00a0\u00bbon\u00a0\u00bb parallax_default=\u00a0\u00bboff\u00a0\u00bb parallax_method_default=\u00a0\u00bbon\u00a0\u00bb bar_background_color_default=\u00a0\u00bb#7EBEC5&Prime; use_percentages=\u00a0\u00bbon\u00a0\u00bb allow_player_pause_default=\u00a0\u00bboff\u00a0\u00bb sticky_enabled=\u00a0\u00bb0&Prime;]<\/p>\n<p>Anglais<\/p>\n<p>[\/et_pb_counter][et_pb_counter percent=\u00a0\u00bb100&Prime; bar_background_color=\u00a0\u00bb#0c71c3&Prime; _builder_version=\u00a0\u00bb4.8.2&Prime; title_text_color=\u00a0\u00bb#000000&Prime; title_font_size=\u00a0\u00bb19px\u00a0\u00bb hover_enabled=\u00a0\u00bb0&Prime; background_enable_color_default=\u00a0\u00bbon\u00a0\u00bb parallax_default=\u00a0\u00bboff\u00a0\u00bb parallax_method_default=\u00a0\u00bbon\u00a0\u00bb bar_background_color_default=\u00a0\u00bb#7EBEC5&Prime; use_percentages=\u00a0\u00bbon\u00a0\u00bb allow_player_pause_default=\u00a0\u00bboff\u00a0\u00bb sticky_enabled=\u00a0\u00bb0&Prime;]<\/p>\n<p>Fran\u00e7ais<\/p>\n<p>[\/et_pb_counter][\/et_pb_counters][et_pb_text _builder_version=\u00a0\u00bb4.4.7&Prime; text_font=\u00a0\u00bb||||||||\u00a0\u00bb text_text_color=\u00a0\u00bb#0c71c3&Prime; text_font_size=\u00a0\u00bb22px\u00a0\u00bb custom_margin=\u00a0\u00bb8px||\u00a0\u00bb custom_padding=\u00a0\u00bb35px||\u00a0\u00bb]<\/p>\n<p><strong>* ROPEC: Registre Oficial de Professionals de l&rsquo;esport de Catalunya<\/strong><\/p>\n<p>[\/et_pb_text][\/et_pb_column][\/et_pb_row][et_pb_row column_structure=\u00a0\u00bb1_3,1_3,1_3&Prime; _builder_version=\u00a0\u00bb4.4.2&Prime;][et_pb_column type=\u00a0\u00bb1_3&Prime; _builder_version=\u00a0\u00bb4.4.2&Prime;][\/et_pb_column][et_pb_column type=\u00a0\u00bb1_3&Prime; _builder_version=\u00a0\u00bb4.4.2&Prime;][\/et_pb_column][et_pb_column type=\u00a0\u00bb1_3&Prime; _builder_version=\u00a0\u00bb4.4.2&Prime;][et_pb_blurb_extended title=\u00a0\u00bbFaites votre r\u00e9servation Via Ferrata Cala del Mol\u00ed \u00e0 partir de 30 \u20ac\u00a0\u00bb url=\u00a0\u00bbhttps:\/\/coasteringcaladelpeix.com\/contacto\/\u00a0\u00bb read_more_button=\u00a0\u00bbon\u00a0\u00bb read_more_text=\u00a0\u00bbR\u00e9servez maintenant\u00a0\u00bb read_more_hover_background_color=\u00a0\u00bb#f2f2f2&Prime; read_more_hover_text_color=\u00a0\u00bb#000000&Prime; use_icon=\u00a0\u00bbon\u00a0\u00bb font_icon=\u00a0\u00bb%%49%%\u00a0\u00bb icon_color=\u00a0\u00bb#f2f2f2&Prime; use_icon_font_size=\u00a0\u00bbon\u00a0\u00bb icon_font_size=\u00a0\u00bb30px\u00a0\u00bb icon_hover_color=\u00a0\u00bb#000000&Prime; style_icon=\u00a0\u00bbon\u00a0\u00bb shape_color=\u00a0\u00bb#0c71c3&Prime; shape_hover_color=\u00a0\u00bb#edf000&Prime; use_shape_border=\u00a0\u00bbon\u00a0\u00bb shape_border_hover_color=\u00a0\u00bb#000000&Prime; content_background_color=\u00a0\u00bb#e09900&Prime; text_hover_color=\u00a0\u00bb#e09900&Prime; blurb_layout=\u00a0\u00bbborderbox\u00a0\u00bb borderbox_border_color=\u00a0\u00bbrgba(43,130,58,0.79)\u00a0\u00bb _builder_version=\u00a0\u00bb4.8.2&Prime; header_text_color=\u00a0\u00bb#efefef\u00a0\u00bb header_font_size=\u00a0\u00bb19px\u00a0\u00bb custom_read_more=\u00a0\u00bbon\u00a0\u00bb read_more_text_size=\u00a0\u00bb15px\u00a0\u00bb read_more_text_color=\u00a0\u00bb#000000&Prime; read_more_bg_color=\u00a0\u00bb#efefef\u00a0\u00bb hover_enabled=\u00a0\u00bb0&Prime; sticky_enabled=\u00a0\u00bb0&Prime;][\/et_pb_blurb_extended][\/et_pb_column][\/et_pb_row][\/et_pb_section]<\/p>\n","protected":false},"excerpt":{"rendered":"<p><div class=\"et_pb_module dsm_perspective_image dsm_perspective_image_0\">\n\t\t\t\t\n\t\t\t\t\n\t\t\t\t\n\t\t\t\t\n\t\t\t\t\n\t\t\t\t\n\t\t\t\t<div class=\"et_pb_module_inner\">\n\t\t\t\t\t<div class=\"dsm-perspective-image-wrapper et_always_center_on_mobile\">\n\t\t\t\t\n\t\t\t\t\n\t\t\t\t<span class=\"et_pb_image_wrap \"><img src=\"\" alt=\"\" \/><\/span>\n\t\t\t<\/div>\n\t\t\t\t<\/div>\n\t\t\t<\/div><div class=\"et_pb_module dsm_perspective_image dsm_perspective_image_1\">\n\t\t\t\t\n\t\t\t\t\n\t\t\t\t\n\t\t\t\t\n\t\t\t\t\n\t\t\t\t\n\t\t\t\t<div class=\"et_pb_module_inner\">\n\t\t\t\t\t<div class=\"dsm-perspective-image-wrapper et_always_center_on_mobile\">\n\t\t\t\t\n\t\t\t\t\n\t\t\t\t<span class=\"et_pb_image_wrap \"><img src=\"http:\/\/coasteringcaladelpeix.com\/wp-content\/uploads\/2020\/07\/FOTO-4mini2.jpg\" alt=\"\" title=\"FOTO 4mini2\" \/><\/span>\n\t\t\t<\/div>\n\t\t\t\t<\/div>\n\t\t\t<\/div>DANIResponsable via guiada &#8211; Gu\u00eda certificado por barrancos. &#8211; N\u00famero ROPEC*: 030774. &#8211; Seguro RC &#8211; AXA Insurance &#8211; P\u00f3liza IIG2019000484.Niveau technique en Via FerrataNiveau technique en CanyoningNiveau technique en escaladeCatalanEspagnolAnglaisFran\u00e7aisJEAN PATRICKResponsable de la location de mat\u00e9riel et du service client \u00a0&#8211; T\u00e9nico deportivo en barrancos [&hellip;]<\/p>\n","protected":false},"author":1,"featured_media":0,"parent":0,"menu_order":0,"comment_status":"closed","ping_status":"closed","template":"","meta":{"_et_pb_use_builder":"on","_et_pb_old_content":"","_et_gb_content_width":""},"_links":{"self":[{"href":"https:\/\/coasteringcaladelpeix.com\/fr\/wp-json\/wp\/v2\/pages\/317"}],"collection":[{"href":"https:\/\/coasteringcaladelpeix.com\/fr\/wp-json\/wp\/v2\/pages"}],"about":[{"href":"https:\/\/coasteringcaladelpeix.com\/fr\/wp-json\/wp\/v2\/types\/page"}],"author":[{"embeddable":true,"href":"https:\/\/coasteringcaladelpeix.com\/fr\/wp-json\/wp\/v2\/users\/1"}],"replies":[{"embeddable":true,"href":"https:\/\/coasteringcaladelpeix.com\/fr\/wp-json\/wp\/v2\/comments?post=317"}],"version-history":[{"count":5,"href":"https:\/\/coasteringcaladelpeix.com\/fr\/wp-json\/wp\/v2\/pages\/317\/revisions"}],"predecessor-version":[{"id":327,"href":"https:\/\/coasteringcaladelpeix.com\/fr\/wp-json\/wp\/v2\/pages\/317\/revisions\/327"}],"wp:attachment":[{"href":"https:\/\/coasteringcaladelpeix.com\/fr\/wp-json\/wp\/v2\/media?parent=317"}],"curies":[{"name":"wp","href":"https:\/\/api.w.org\/{rel}","templated":true}]}}