{"id":263,"date":"2020-08-15T10:06:42","date_gmt":"2020-08-15T10:06:42","guid":{"rendered":"http:\/\/coasteringcaladelpeix.com\/accueil\/"},"modified":"2021-01-29T10:49:57","modified_gmt":"2021-01-29T10:49:57","slug":"accueil","status":"publish","type":"page","link":"https:\/\/coasteringcaladelpeix.com\/fr\/","title":{"rendered":"Accueil"},"content":{"rendered":"<p>[et_pb_section fb_built=\u00a0\u00bb1&Prime; fullwidth=\u00a0\u00bbon\u00a0\u00bb _builder_version=\u00a0\u00bb4.4.7&Prime;][et_pb_fullwidth_header title=\u00a0\u00bbCoastering Cala del Peix\u00a0\u00bb header_fullscreen=\u00a0\u00bbon\u00a0\u00bb _builder_version=\u00a0\u00bb4.4.7&Prime; title_font=\u00a0\u00bb|700|||||||\u00a0\u00bb title_font_size=\u00a0\u00bb37px\u00a0\u00bb background_enable_color=\u00a0\u00bboff\u00a0\u00bb background_image=\u00a0\u00bbhttp:\/\/coasteringcaladelpeix.com\/wp-content\/uploads\/2020\/07\/Coasteringcaladelpeix1.jpg\u00a0\u00bb title_font_size_tablet=\u00a0\u00bb\u00a0\u00bb title_font_size_phone=\u00a0\u00bb32px\u00a0\u00bb title_font_size_last_edited=\u00a0\u00bbon|phone\u00a0\u00bb][\/et_pb_fullwidth_header][\/et_pb_section][et_pb_section fb_built=\u00a0\u00bb1&Prime; _builder_version=\u00a0\u00bb4.4.7&Prime;][et_pb_row _builder_version=\u00a0\u00bb4.4.7&Prime;][et_pb_column type=\u00a0\u00bb4_4&Prime; _builder_version=\u00a0\u00bb4.4.7&Prime;][et_pb_text _builder_version=\u00a0\u00bb4.8.2&Prime; text_font=\u00a0\u00bb|600|||||||\u00a0\u00bb text_text_color=\u00a0\u00bb#0c71c3&Prime; text_font_size=\u00a0\u00bb23px\u00a0\u00bb text_orientation=\u00a0\u00bbcenter\u00a0\u00bb]<\/p>\n<p>COASTERING CALA DEL PEIX<\/p>\n<p>[\/et_pb_text][\/et_pb_column][\/et_pb_row][et_pb_row _builder_version=\u00a0\u00bb4.4.7&Prime;][et_pb_column type=\u00a0\u00bb4_4&Prime; _builder_version=\u00a0\u00bb4.4.7&Prime;][et_pb_text _builder_version=\u00a0\u00bb4.8.2&Prime; text_font=\u00a0\u00bb|600|||||||\u00a0\u00bb text_text_color=\u00a0\u00bb#0c71c3&Prime; text_font_size=\u00a0\u00bb21px\u00a0\u00bb custom_margin=\u00a0\u00bb||29px|||\u00a0\u00bb]<\/p>\n<div id=\"KnM9nf\">\n<div id=\"tw-smenu\" class=\"tw-menu\">Aimez-vous le canyoning ?<\/div>\n<\/div>\n<p>[\/et_pb_text][et_pb_image src=\u00a0\u00bbhttp:\/\/coasteringcaladelpeix.com\/wp-content\/uploads\/2020\/07\/FOTO-1mini.jpg\u00a0\u00bb title_text=\u00a0\u00bbCoastering cala del Peix\u00a0\u00bb _builder_version=\u00a0\u00bb4.8.2&Prime;][\/et_pb_image][et_pb_text _builder_version=\u00a0\u00bb4.8.2&Prime; text_font=\u00a0\u00bb|600|||||||\u00a0\u00bb text_text_color=\u00a0\u00bb#000000&Prime; text_font_size=\u00a0\u00bb21px\u00a0\u00bb]<\/p>\n<p>Vous allez adorer le coastering de la Cala del Peix situ\u00e9 \u00e0 Sant Feliu de Guixols au coeur de la Costa Brava, le seul coastering connu qui utilise les m\u00eames techniques que le canyoning.<\/p>\n<p>[\/et_pb_text][et_pb_image src=\u00a0\u00bbhttp:\/\/coasteringcaladelpeix.com\/wp-content\/uploads\/2020\/07\/FOTO-2mini.jpg\u00a0\u00bb title_text=\u00a0\u00bbOLYMPUS DIGITAL CAMERA\u00a0\u00bb _builder_version=\u00a0\u00bb4.4.7&Prime;][\/et_pb_image][et_pb_text _builder_version=\u00a0\u00bb4.8.2&Prime; text_font=\u00a0\u00bb|600|||||||\u00a0\u00bb text_text_color=\u00a0\u00bb#000000&Prime; text_font_size=\u00a0\u00bb21px\u00a0\u00bb]<\/p>\n<p><span style=\"vertical-align: inherit;\"><span style=\"vertical-align: inherit;\">Profitant de nombreuses ann\u00e9es d&rsquo;exp\u00e9rience dans le canyoning et la via ferrata, nous avons imagin\u00e9 le coastering Cala de Peix \u00e0 Sant Feliu de Gu\u00edxols pour les amoureux du canyoning.<\/span><\/span><\/p>\n<p>[\/et_pb_text][et_pb_image src=\u00a0\u00bbhttp:\/\/coasteringcaladelpeix.com\/wp-content\/uploads\/2020\/07\/3mini.jpg\u00a0\u00bb title_text=\u00a0\u00bbCoastering Fant Feliu de Guixols\u00a0\u00bb _builder_version=\u00a0\u00bb4.4.7&Prime;][\/et_pb_image][et_pb_text _builder_version=\u00a0\u00bb4.8.2&Prime; text_font=\u00a0\u00bb|600|||||||\u00a0\u00bb text_text_color=\u00a0\u00bb#000000&Prime; text_font_size=\u00a0\u00bb21px\u00a0\u00bb hover_enabled=\u00a0\u00bb0&Prime; sticky_enabled=\u00a0\u00bb0&Prime;]<\/p>\n<p>Vous \u00eates un canyoniste confirm\u00e9 ou un d\u00e9butant, pas de probl\u00e8me nous adaptons le parcours \u00e0 votre niveau afin que vous puissiez profiter de votre activit\u00e9 en toute s\u00e9curit\u00e9.<\/p>\n<p>[\/et_pb_text][et_pb_text _builder_version=\u00a0\u00bb4.8.2&Prime; text_font=\u00a0\u00bb|600|||||||\u00a0\u00bb text_text_color=\u00a0\u00bb#0c71c3&Prime; text_font_size=\u00a0\u00bb24px\u00a0\u00bb custom_margin=\u00a0\u00bb||29px|||\u00a0\u00bb hover_enabled=\u00a0\u00bb0&Prime; sticky_enabled=\u00a0\u00bb0&Prime;]<\/p>\n<p>DESCRIPTIONS :<\/p>\n<p>[\/et_pb_text][et_pb_text _builder_version=\u00a0\u00bb4.8.2&Prime; text_font=\u00a0\u00bb|600|||||||\u00a0\u00bb text_text_color=\u00a0\u00bb#000000&Prime; text_font_size=\u00a0\u00bb21px\u00a0\u00bb hover_enabled=\u00a0\u00bb0&Prime; sticky_enabled=\u00a0\u00bb0&Prime;]<\/p>\n<p>Avec ses 3 rappels, 5 sauts, 1 tyrolienne, 2 grottes, le coastering cala del peix vous laisssera un souvenir inoublidable.<\/p>\n<p>[\/et_pb_text][\/et_pb_column][\/et_pb_row][et_pb_row column_structure=\u00a0\u00bb1_2,1_2&Prime; _builder_version=\u00a0\u00bb4.4.7&Prime;][et_pb_column type=\u00a0\u00bb1_2&Prime; _builder_version=\u00a0\u00bb4.4.7&Prime;][et_pb_text _builder_version=\u00a0\u00bb4.4.7&Prime;]<iframe loading=\"lazy\" src=\"https:\/\/www.youtube.com\/embed\/sNxpf2dh4d4\" width=\"956\" height=\"538\" frameborder=\"0\" allowfullscreen=\"allowfullscreen\"><\/iframe>[\/et_pb_text][\/et_pb_column][et_pb_column type=\u00a0\u00bb1_2&Prime; _builder_version=\u00a0\u00bb4.4.7&Prime;][et_pb_text _builder_version=\u00a0\u00bb4.4.7&Prime;]<iframe loading=\"lazy\" src=\"https:\/\/www.youtube.com\/embed\/AbhcqGVX8Ls\" width=\"956\" height=\"538\" frameborder=\"0\" allowfullscreen=\"allowfullscreen\"><\/iframe>[\/et_pb_text][\/et_pb_column][\/et_pb_row][\/et_pb_section]<\/p>\n","protected":false},"excerpt":{"rendered":"<p>COASTERING CALA DEL PEIX Aimez-vous le canyoning ? Vous allez adorer le coastering de la Cala del Peix situ\u00e9 \u00e0 Sant Feliu de Guixols au coeur de la Costa Brava, le seul coastering connu qui utilise les m\u00eames techniques que le canyoning.Profitant de nombreuses ann\u00e9es d&rsquo;exp\u00e9rience dans le canyoning et la via ferrata, nous avons [&hellip;]<\/p>\n","protected":false},"author":1,"featured_media":0,"parent":0,"menu_order":0,"comment_status":"closed","ping_status":"closed","template":"","meta":{"_et_pb_use_builder":"on","_et_pb_old_content":"","_et_gb_content_width":""},"_links":{"self":[{"href":"https:\/\/coasteringcaladelpeix.com\/fr\/wp-json\/wp\/v2\/pages\/263"}],"collection":[{"href":"https:\/\/coasteringcaladelpeix.com\/fr\/wp-json\/wp\/v2\/pages"}],"about":[{"href":"https:\/\/coasteringcaladelpeix.com\/fr\/wp-json\/wp\/v2\/types\/page"}],"author":[{"embeddable":true,"href":"https:\/\/coasteringcaladelpeix.com\/fr\/wp-json\/wp\/v2\/users\/1"}],"replies":[{"embeddable":true,"href":"https:\/\/coasteringcaladelpeix.com\/fr\/wp-json\/wp\/v2\/comments?post=263"}],"version-history":[{"count":4,"href":"https:\/\/coasteringcaladelpeix.com\/fr\/wp-json\/wp\/v2\/pages\/263\/revisions"}],"predecessor-version":[{"id":303,"href":"https:\/\/coasteringcaladelpeix.com\/fr\/wp-json\/wp\/v2\/pages\/263\/revisions\/303"}],"wp:attachment":[{"href":"https:\/\/coasteringcaladelpeix.com\/fr\/wp-json\/wp\/v2\/media?parent=263"}],"curies":[{"name":"wp","href":"https:\/\/api.w.org\/{rel}","templated":true}]}}