{"id":514,"date":"2022-06-26T23:20:45","date_gmt":"2022-06-26T23:20:45","guid":{"rendered":"https:\/\/coasteringcaladelpeix.com\/who-are-we\/"},"modified":"2022-06-26T23:20:45","modified_gmt":"2022-06-26T23:20:45","slug":"who-are-we","status":"publish","type":"page","link":"https:\/\/coasteringcaladelpeix.com\/en\/who-are-we\/","title":{"rendered":"Who are we"},"content":{"rendered":"<p>[et_pb_section fb_built=&#8221;1&#8243; inner_shadow=&#8221;on&#8221; fullwidth=&#8221;on&#8221; custom_padding_last_edited=&#8221;on|desktop&#8221; admin_label=&#8221;section&#8221; _builder_version=&#8221;3.22&#8243; background_color=&#8221;#6aceb6&#8243; background_image=&#8221;http:\/\/coasteringcaladelpeix.com\/wp-content\/uploads\/2020\/07\/fotoviaferratanew555.6-1.jpg&#8221; parallax=&#8221;on&#8221; parallax_method=&#8221;off&#8221; custom_margin=&#8221;-50px||-50px|&#8221; custom_padding_tablet=&#8221;50px|0|50px|0&#8243; custom_padding_phone=&#8221;&#8221; transparent_background=&#8221;off&#8221; padding_mobile=&#8221;off&#8221;][et_pb_fullwidth_header header_fullscreen=&#8221;on&#8221; background_overlay_color=&#8221;rgba(0,0,0,0)&#8221; admin_label=&#8221;T\u00edtulo de anchura completa&#8221; _builder_version=&#8221;4.4.7&#8243; subhead_font_size=&#8221;22px&#8221; background_color=&#8221;rgba(255, 255, 255, 0)&#8221; background_image=&#8221;http:\/\/coasteringcaladelpeix.com\/wp-content\/uploads\/2020\/07\/coasteringcaladelpeixquienessomos.jpg&#8221; background_url=&#8221;http:\/\/coasteringcaladelpeix.com\/wp-content\/uploads\/2020\/07\/viaferrataquienessomos.gif&#8221; button_one_text_size__hover_enabled=&#8221;off&#8221; button_two_text_size__hover_enabled=&#8221;off&#8221; button_one_text_color__hover_enabled=&#8221;off&#8221; button_two_text_color__hover_enabled=&#8221;off&#8221; button_one_border_width__hover_enabled=&#8221;off&#8221; button_two_border_width__hover_enabled=&#8221;off&#8221; button_one_border_color__hover_enabled=&#8221;off&#8221; button_two_border_color__hover_enabled=&#8221;off&#8221; button_one_border_radius__hover_enabled=&#8221;off&#8221; button_two_border_radius__hover_enabled=&#8221;off&#8221; button_one_letter_spacing__hover_enabled=&#8221;off&#8221; button_two_letter_spacing__hover_enabled=&#8221;off&#8221; button_one_bg_color__hover_enabled=&#8221;off&#8221; button_two_bg_color__hover_enabled=&#8221;off&#8221;][\/et_pb_fullwidth_header][\/et_pb_section][et_pb_section fb_built=&#8221;1&#8243; admin_label=&#8221;section&#8221; _builder_version=&#8221;4.4.7&#8243; top_divider_style=&#8221;waves2&#8243; top_divider_color=&#8221;#0c71c3&#8243;][et_pb_row column_structure=&#8221;1_2,1_2&#8243; _builder_version=&#8221;4.4.2&#8243;][et_pb_column type=&#8221;1_2&#8243; _builder_version=&#8221;3.25&#8243; custom_padding=&#8221;|||&#8221; custom_padding__hover=&#8221;|||&#8221;][dsm_perspective_image _builder_version=&#8221;4.4.7&#8243;][\/dsm_perspective_image][dsm_perspective_image src=&#8221;http:\/\/coasteringcaladelpeix.com\/wp-content\/uploads\/2020\/07\/FOTO-4mini2.jpg&#8221; title_text=&#8221;FOTO 4mini2&#8243; perspective=&#8221;846px&#8221; dsm_rotate_y=&#8221;25deg&#8221; dsm_rotate_x=&#8221;25deg&#8221; dsm_rotate_z=&#8221;-15deg&#8221; _builder_version=&#8221;4.4.7&#8243;][\/dsm_perspective_image][\/et_pb_column][et_pb_column type=&#8221;1_2&#8243; _builder_version=&#8221;3.25&#8243; custom_padding=&#8221;|||&#8221; custom_padding__hover=&#8221;|||&#8221;][\/et_pb_column][\/et_pb_row][et_pb_row _builder_version=&#8221;4.4.7&#8243; custom_margin=&#8221;135px||||false|false&#8221;][et_pb_column type=&#8221;4_4&#8243; _builder_version=&#8221;3.25&#8243; custom_padding=&#8221;|||&#8221; custom_padding__hover=&#8221;|||&#8221;][et_pb_text _builder_version=&#8221;4.8.2&#8243; text_font=&#8221;|700|||||||&#8221; text_text_color=&#8221;#0c71c3&#8243; text_font_size=&#8221;30px&#8221; hover_enabled=&#8221;0&#8243; sticky_enabled=&#8221;0&#8243;]<\/p>\n<p>DANI JIMENEZ<\/p>\n<p>[\/et_pb_text][et_pb_text admin_label=&#8221;Text&#8221; _builder_version=&#8221;3.27.4&#8243; text_font=&#8221;||on||||||&#8221; text_text_color=&#8221;rgba(43,130,58,0.79)&#8221; header_font=&#8221;||on|on|||||&#8221; header_text_color=&#8221;rgba(43,130,58,0.79)&#8221; header_2_font=&#8221;||||||||&#8221; background_color=&#8221;rgba(77,158,26,0)&#8221; background_size=&#8221;initial&#8221; background_position=&#8221;top_left&#8221; background_repeat=&#8221;repeat&#8221; header_text_shadow_style=&#8221;preset4&#8243; header_text_shadow_vertical_length=&#8221;0.09em&#8221; header_text_shadow_color=&#8221;rgba(43,130,58,0.79)&#8221; use_border_color=&#8221;off&#8221; border_color=&#8221;#ffffff&#8221; border_style=&#8221;solid&#8221;]<\/p>\n<h4><strong>Responsable via guiada<\/strong><\/h4>\n<h4><\/h4>\n<p>[\/et_pb_text][et_pb_text _builder_version=&#8221;4.8.2&#8243; text_font=&#8221;||||||||&#8221; text_font_size=&#8221;17px&#8221; hover_enabled=&#8221;0&#8243; sticky_enabled=&#8221;0&#8243;]<\/p>\n<p><strong>&#8211; Gu\u00eda certificado por barrancos.<\/strong><\/p>\n<p><strong>&#8211; N\u00famero ROPEC*: 030774.<\/strong><\/p>\n<p>[\/et_pb_text][\/et_pb_column][\/et_pb_row][et_pb_row _builder_version=&#8221;4.4.2&#8243;][et_pb_column type=&#8221;4_4&#8243; _builder_version=&#8221;4.4.2&#8243;][et_pb_counters _builder_version=&#8221;4.4.2&#8243;][et_pb_counter percent=&#8221;100&#8243; bar_background_color=&#8221;#e09900&#8243; _builder_version=&#8221;4.4.2&#8243; title_text_color=&#8221;#000000&#8243; title_font_size=&#8221;19px&#8221; background_enable_color_default=&#8221;on&#8221; parallax_default=&#8221;off&#8221; parallax_method_default=&#8221;on&#8221; bar_background_color_default=&#8221;#7EBEC5&#8243; use_percentages=&#8221;on&#8221; allow_player_pause_default=&#8221;off&#8221;]Nivel t\u00e9cnico en Via Ferrata[\/et_pb_counter][et_pb_counter percent=&#8221;100&#8243; bar_background_color=&#8221;#e09900&#8243; _builder_version=&#8221;4.4.2&#8243; title_text_color=&#8221;#000000&#8243; title_font_size=&#8221;19px&#8221; background_enable_color_default=&#8221;on&#8221; parallax_default=&#8221;off&#8221; parallax_method_default=&#8221;on&#8221; bar_background_color_default=&#8221;#7EBEC5&#8243; use_percentages=&#8221;on&#8221; allow_player_pause_default=&#8221;off&#8221;]Nivel t\u00e9cnico en Barrancos[\/et_pb_counter][et_pb_counter percent=&#8221;75&#8243; bar_background_color=&#8221;#e09900&#8243; _builder_version=&#8221;4.4.2&#8243; title_text_color=&#8221;#000000&#8243; title_font_size=&#8221;19px&#8221; background_enable_color_default=&#8221;on&#8221; parallax_default=&#8221;off&#8221; parallax_method_default=&#8221;on&#8221; bar_background_color_default=&#8221;#7EBEC5&#8243; use_percentages=&#8221;on&#8221; allow_player_pause_default=&#8221;off&#8221;]Nivel t\u00e9cnico en escalada[\/et_pb_counter][\/et_pb_counters][\/et_pb_column][\/et_pb_row][et_pb_row _builder_version=&#8221;4.4.2&#8243;][et_pb_column type=&#8221;4_4&#8243; _builder_version=&#8221;4.4.2&#8243;][et_pb_counters _builder_version=&#8221;4.4.2&#8243;][et_pb_counter percent=&#8221;100&#8243; bar_background_color=&#8221;#0c71c3&#8243; _builder_version=&#8221;4.4.2&#8243; title_text_color=&#8221;#000000&#8243; title_font_size=&#8221;19px&#8221; percent_text_color=&#8221;#f4f4f4&#8243; background_enable_color_default=&#8221;on&#8221; parallax_default=&#8221;off&#8221; parallax_method_default=&#8221;on&#8221; bar_background_color_default=&#8221;#7EBEC5&#8243; use_percentages=&#8221;on&#8221; allow_player_pause_default=&#8221;off&#8221;]Catalan[\/et_pb_counter][et_pb_counter percent=&#8221;100&#8243; bar_background_color=&#8221;#0c71c3&#8243; _builder_version=&#8221;4.4.2&#8243; title_text_color=&#8221;#000000&#8243; title_font_size=&#8221;19px&#8221; percent_text_color=&#8221;#f4f4f4&#8243; background_enable_color_default=&#8221;on&#8221; parallax_default=&#8221;off&#8221; parallax_method_default=&#8221;on&#8221; bar_background_color_default=&#8221;#7EBEC5&#8243; use_percentages=&#8221;on&#8221; allow_player_pause_default=&#8221;off&#8221;]Espa\u00f1ol[\/et_pb_counter][et_pb_counter percent=&#8221;50&#8243; bar_background_color=&#8221;#0c71c3&#8243; _builder_version=&#8221;4.4.2&#8243; title_text_color=&#8221;#000000&#8243; title_font_size=&#8221;19px&#8221; percent_text_color=&#8221;#f4f4f4&#8243; background_enable_color_default=&#8221;on&#8221; parallax_default=&#8221;off&#8221; parallax_method_default=&#8221;on&#8221; bar_background_color_default=&#8221;#7EBEC5&#8243; use_percentages=&#8221;on&#8221; allow_player_pause_default=&#8221;off&#8221;]Ingles[\/et_pb_counter][et_pb_counter percent=&#8221;25&#8243; bar_background_color=&#8221;#0c71c3&#8243; _builder_version=&#8221;4.4.2&#8243; title_text_color=&#8221;#000000&#8243; title_font_size=&#8221;19px&#8221; percent_text_color=&#8221;#f4f4f4&#8243; background_enable_color_default=&#8221;on&#8221; parallax_default=&#8221;off&#8221; parallax_method_default=&#8221;on&#8221; bar_background_color_default=&#8221;#7EBEC5&#8243; use_percentages=&#8221;on&#8221; allow_player_pause_default=&#8221;off&#8221;]Frances[\/et_pb_counter][\/et_pb_counters][\/et_pb_column][\/et_pb_row][et_pb_row _builder_version=&#8221;3.25&#8243;][et_pb_column type=&#8221;4_4&#8243; _builder_version=&#8221;3.25&#8243; custom_padding=&#8221;|||&#8221; custom_padding__hover=&#8221;|||&#8221;][et_pb_text _builder_version=&#8221;4.4.7&#8243; text_font=&#8221;|700|||||||&#8221; text_text_color=&#8221;#0c71c3&#8243; text_font_size=&#8221;30px&#8221;]<\/p>\n<p><span style=\"vertical-align: inherit;\"><span style=\"vertical-align: inherit;\">JEAN PATRICK<\/span><\/span><\/p>\n<p>[\/et_pb_text][et_pb_text admin_label=&#8221;Text&#8221; _builder_version=&#8221;4.4.7&#8243; text_font=&#8221;||on||||||&#8221; text_text_color=&#8221;rgba(43,130,58,0.79)&#8221; header_font=&#8221;||on|on|||||&#8221; header_text_color=&#8221;rgba(43,130,58,0.79)&#8221; header_2_font=&#8221;||||||||&#8221; background_color=&#8221;rgba(77,158,26,0)&#8221; background_size=&#8221;initial&#8221; background_position=&#8221;top_left&#8221; background_repeat=&#8221;repeat&#8221; header_text_shadow_style=&#8221;preset4&#8243; header_text_shadow_vertical_length=&#8221;0.09em&#8221; header_text_shadow_color=&#8221;rgba(43,130,58,0.79)&#8221; use_border_color=&#8221;off&#8221; border_color=&#8221;#ffffff&#8221; border_style=&#8221;solid&#8221;]<\/p>\n<h4><strong>Responsable alquiler de material y atenci\u00f3n a los clientes<\/strong><\/h4>\n<h4>\u00a0<\/h4>\n<p>[\/et_pb_text][et_pb_text _builder_version=&#8221;4.4.2&#8243; text_font=&#8221;||||||||&#8221; text_font_size=&#8221;17px&#8221;]<\/p>\n<p><strong>&#8211; T\u00e9nico deportivo en barrancos nivel II.<\/strong><\/p>\n<p><strong>&#8211; N\u00famero ROPEC* 025041.<\/strong><\/p>\n<p><strong>&#8211; Seguro RC &#8211; AXA Insurance &#8211; P\u00f3liza IIG2019000483.<\/strong><\/p>\n<p><strong>&#8211; Seguro accidente &#8211; Lai Seguradora &#8211; Numero 0111318.<\/strong><\/p>\n<p>[\/et_pb_text][\/et_pb_column][\/et_pb_row][et_pb_row _builder_version=&#8221;4.4.2&#8243;][et_pb_column type=&#8221;4_4&#8243; _builder_version=&#8221;4.4.2&#8243;][et_pb_counters _builder_version=&#8221;4.4.2&#8243;][et_pb_counter percent=&#8221;100&#8243; bar_background_color=&#8221;#e09900&#8243; _builder_version=&#8221;4.4.2&#8243; title_text_color=&#8221;#000000&#8243; title_font_size=&#8221;19px&#8221; background_enable_color_default=&#8221;on&#8221; parallax_default=&#8221;off&#8221; parallax_method_default=&#8221;on&#8221; bar_background_color_default=&#8221;#7EBEC5&#8243; use_percentages=&#8221;on&#8221; allow_player_pause_default=&#8221;off&#8221;]Nivel t\u00e9cnico en Via Ferrata[\/et_pb_counter][et_pb_counter percent=&#8221;75&#8243; bar_background_color=&#8221;#e09900&#8243; _builder_version=&#8221;4.4.2&#8243; title_text_color=&#8221;#000000&#8243; title_font_size=&#8221;19px&#8221; background_enable_color_default=&#8221;on&#8221; parallax_default=&#8221;off&#8221; parallax_method_default=&#8221;on&#8221; bar_background_color_default=&#8221;#7EBEC5&#8243; use_percentages=&#8221;on&#8221; allow_player_pause_default=&#8221;off&#8221;]Nivel t\u00e9cnico en Barrancos[\/et_pb_counter][et_pb_counter percent=&#8221;100&#8243; bar_background_color=&#8221;#e09900&#8243; _builder_version=&#8221;4.4.2&#8243; title_text_color=&#8221;#000000&#8243; title_font_size=&#8221;19px&#8221; background_enable_color_default=&#8221;on&#8221; parallax_default=&#8221;off&#8221; parallax_method_default=&#8221;on&#8221; bar_background_color_default=&#8221;#7EBEC5&#8243; use_percentages=&#8221;on&#8221; allow_player_pause_default=&#8221;off&#8221;]Nivel t\u00e9cnico en Coastering[\/et_pb_counter][\/et_pb_counters][\/et_pb_column][\/et_pb_row][et_pb_row _builder_version=&#8221;4.4.2&#8243;][et_pb_column type=&#8221;4_4&#8243; _builder_version=&#8221;4.4.2&#8243;][et_pb_counters _builder_version=&#8221;4.4.2&#8243;][et_pb_counter percent=&#8221;50&#8243; bar_background_color=&#8221;#0c71c3&#8243; _builder_version=&#8221;4.4.2&#8243; title_text_color=&#8221;#000000&#8243; title_font_size=&#8221;19px&#8221; background_enable_color_default=&#8221;on&#8221; parallax_default=&#8221;off&#8221; parallax_method_default=&#8221;on&#8221; bar_background_color_default=&#8221;#7EBEC5&#8243; use_percentages=&#8221;on&#8221; allow_player_pause_default=&#8221;off&#8221;]Catalan[\/et_pb_counter][et_pb_counter percent=&#8221;100&#8243; bar_background_color=&#8221;#0c71c3&#8243; _builder_version=&#8221;4.4.2&#8243; title_text_color=&#8221;#000000&#8243; title_font_size=&#8221;19px&#8221; background_enable_color_default=&#8221;on&#8221; parallax_default=&#8221;off&#8221; parallax_method_default=&#8221;on&#8221; bar_background_color_default=&#8221;#7EBEC5&#8243; use_percentages=&#8221;on&#8221; allow_player_pause_default=&#8221;off&#8221;]Espa\u00f1ol[\/et_pb_counter][et_pb_counter percent=&#8221;75&#8243; bar_background_color=&#8221;#0c71c3&#8243; _builder_version=&#8221;4.4.2&#8243; title_text_color=&#8221;#000000&#8243; title_font_size=&#8221;19px&#8221; background_enable_color_default=&#8221;on&#8221; parallax_default=&#8221;off&#8221; parallax_method_default=&#8221;on&#8221; bar_background_color_default=&#8221;#7EBEC5&#8243; use_percentages=&#8221;on&#8221; allow_player_pause_default=&#8221;off&#8221;]Ingles[\/et_pb_counter][et_pb_counter percent=&#8221;100&#8243; bar_background_color=&#8221;#0c71c3&#8243; _builder_version=&#8221;4.4.2&#8243; title_text_color=&#8221;#000000&#8243; title_font_size=&#8221;19px&#8221; background_enable_color_default=&#8221;on&#8221; parallax_default=&#8221;off&#8221; parallax_method_default=&#8221;on&#8221; bar_background_color_default=&#8221;#7EBEC5&#8243; use_percentages=&#8221;on&#8221; allow_player_pause_default=&#8221;off&#8221;]Frances[\/et_pb_counter][\/et_pb_counters][et_pb_text _builder_version=&#8221;4.4.7&#8243; text_font=&#8221;||||||||&#8221; text_text_color=&#8221;#0c71c3&#8243; text_font_size=&#8221;22px&#8221; custom_margin=&#8221;8px||&#8221; custom_padding=&#8221;35px||&#8221;]<\/p>\n<p><strong>* ROPEC: Registre Oficial de Professionals de l&#8217;esport de Catalunya<\/strong><\/p>\n<p>[\/et_pb_text][\/et_pb_column][\/et_pb_row][et_pb_row _builder_version=&#8221;3.25&#8243;][et_pb_column type=&#8221;4_4&#8243; _builder_version=&#8221;3.25&#8243; custom_padding=&#8221;|||&#8221; custom_padding__hover=&#8221;|||&#8221;][et_pb_text _builder_version=&#8221;4.8.2&#8243; text_font=&#8221;|700|||||||&#8221; text_text_color=&#8221;#0c71c3&#8243; text_font_size=&#8221;30px&#8221; hover_enabled=&#8221;0&#8243; sticky_enabled=&#8221;0&#8243;]<\/p>\n<p>DANI GALIANO<\/p>\n<p>[\/et_pb_text][et_pb_text admin_label=&#8221;Text&#8221; _builder_version=&#8221;4.8.2&#8243; text_font=&#8221;||on||||||&#8221; text_text_color=&#8221;rgba(43,130,58,0.79)&#8221; header_font=&#8221;||on|on|||||&#8221; header_text_color=&#8221;rgba(43,130,58,0.79)&#8221; header_2_font=&#8221;||||||||&#8221; background_color=&#8221;rgba(77,158,26,0)&#8221; background_size=&#8221;initial&#8221; background_position=&#8221;top_left&#8221; background_repeat=&#8221;repeat&#8221; hover_enabled=&#8221;0&#8243; header_text_shadow_style=&#8221;preset4&#8243; header_text_shadow_vertical_length=&#8221;0.09em&#8221; header_text_shadow_color=&#8221;rgba(43,130,58,0.79)&#8221; use_border_color=&#8221;off&#8221; border_color=&#8221;#ffffff&#8221; border_style=&#8221;solid&#8221; sticky_enabled=&#8221;0&#8243;]<\/p>\n<h4><strong>Responsable via guiada<\/strong><\/h4>\n<h4><\/h4>\n<p>[\/et_pb_text][et_pb_text _builder_version=&#8221;4.8.2&#8243; text_font=&#8221;||||||||&#8221; text_font_size=&#8221;17px&#8221; hover_enabled=&#8221;0&#8243; sticky_enabled=&#8221;0&#8243;]<\/p>\n<p><strong>&#8211; T\u00e9nico deportivo en barrancos nivel II<\/strong><\/p>\n<p>[\/et_pb_text][\/et_pb_column][\/et_pb_row][et_pb_row _builder_version=&#8221;4.4.2&#8243;][et_pb_column type=&#8221;4_4&#8243; _builder_version=&#8221;4.4.2&#8243;][et_pb_counters _builder_version=&#8221;4.8.2&#8243; hover_enabled=&#8221;0&#8243; sticky_enabled=&#8221;0&#8243;][et_pb_counter percent=&#8221;100&#8243; bar_background_color=&#8221;#e09900&#8243; _builder_version=&#8221;4.4.2&#8243; title_text_color=&#8221;#000000&#8243; title_font_size=&#8221;19px&#8221; background_enable_color_default=&#8221;on&#8221; parallax_default=&#8221;off&#8221; parallax_method_default=&#8221;on&#8221; bar_background_color_default=&#8221;#7EBEC5&#8243; use_percentages=&#8221;on&#8221; allow_player_pause_default=&#8221;off&#8221;]Nivel t\u00e9cnico en Via Ferrata[\/et_pb_counter][et_pb_counter percent=&#8221;100&#8243; bar_background_color=&#8221;#e09900&#8243; _builder_version=&#8221;4.8.2&#8243; title_text_color=&#8221;#000000&#8243; title_font_size=&#8221;19px&#8221; hover_enabled=&#8221;0&#8243; background_enable_color_default=&#8221;on&#8221; parallax_default=&#8221;off&#8221; parallax_method_default=&#8221;on&#8221; bar_background_color_default=&#8221;#7EBEC5&#8243; use_percentages=&#8221;on&#8221; allow_player_pause_default=&#8221;off&#8221; sticky_enabled=&#8221;0&#8243;]Nivel t\u00e9cnico en Barrancos[\/et_pb_counter][et_pb_counter percent=&#8221;75&#8243; bar_background_color=&#8221;#e09900&#8243; _builder_version=&#8221;4.8.2&#8243; title_text_color=&#8221;#000000&#8243; title_font_size=&#8221;19px&#8221; hover_enabled=&#8221;0&#8243; background_enable_color_default=&#8221;on&#8221; parallax_default=&#8221;off&#8221; parallax_method_default=&#8221;on&#8221; bar_background_color_default=&#8221;#7EBEC5&#8243; use_percentages=&#8221;on&#8221; allow_player_pause_default=&#8221;off&#8221; sticky_enabled=&#8221;0&#8243;]Nivel t\u00e9cnico en Coastering[\/et_pb_counter][\/et_pb_counters][\/et_pb_column][\/et_pb_row][et_pb_row _builder_version=&#8221;4.4.2&#8243;][et_pb_column type=&#8221;4_4&#8243; _builder_version=&#8221;4.4.2&#8243;][et_pb_counters _builder_version=&#8221;4.8.2&#8243; hover_enabled=&#8221;0&#8243; sticky_enabled=&#8221;0&#8243;][et_pb_counter percent=&#8221;100&#8243; bar_background_color=&#8221;#0c71c3&#8243; _builder_version=&#8221;4.8.2&#8243; title_text_color=&#8221;#000000&#8243; title_font_size=&#8221;19px&#8221; hover_enabled=&#8221;0&#8243; background_enable_color_default=&#8221;on&#8221; parallax_default=&#8221;off&#8221; parallax_method_default=&#8221;on&#8221; bar_background_color_default=&#8221;#7EBEC5&#8243; use_percentages=&#8221;on&#8221; allow_player_pause_default=&#8221;off&#8221; sticky_enabled=&#8221;0&#8243;]Catalan[\/et_pb_counter][et_pb_counter percent=&#8221;100&#8243; bar_background_color=&#8221;#0c71c3&#8243; _builder_version=&#8221;4.4.2&#8243; title_text_color=&#8221;#000000&#8243; title_font_size=&#8221;19px&#8221; background_enable_color_default=&#8221;on&#8221; parallax_default=&#8221;off&#8221; parallax_method_default=&#8221;on&#8221; bar_background_color_default=&#8221;#7EBEC5&#8243; use_percentages=&#8221;on&#8221; allow_player_pause_default=&#8221;off&#8221;]Espa\u00f1ol[\/et_pb_counter][et_pb_counter percent=&#8221;50&#8243; bar_background_color=&#8221;#0c71c3&#8243; _builder_version=&#8221;4.8.2&#8243; title_text_color=&#8221;#000000&#8243; title_font_size=&#8221;19px&#8221; hover_enabled=&#8221;0&#8243; background_enable_color_default=&#8221;on&#8221; parallax_default=&#8221;off&#8221; parallax_method_default=&#8221;on&#8221; bar_background_color_default=&#8221;#7EBEC5&#8243; use_percentages=&#8221;on&#8221; allow_player_pause_default=&#8221;off&#8221; sticky_enabled=&#8221;0&#8243;]Ingles[\/et_pb_counter][et_pb_counter percent=&#8221;25&#8243; bar_background_color=&#8221;#0c71c3&#8243; _builder_version=&#8221;4.8.2&#8243; title_text_color=&#8221;#000000&#8243; title_font_size=&#8221;19px&#8221; hover_enabled=&#8221;0&#8243; background_enable_color_default=&#8221;on&#8221; parallax_default=&#8221;off&#8221; parallax_method_default=&#8221;on&#8221; bar_background_color_default=&#8221;#7EBEC5&#8243; use_percentages=&#8221;on&#8221; allow_player_pause_default=&#8221;off&#8221; sticky_enabled=&#8221;0&#8243;]Frances[\/et_pb_counter][\/et_pb_counters][et_pb_text _builder_version=&#8221;4.4.7&#8243; text_font=&#8221;||||||||&#8221; text_text_color=&#8221;#0c71c3&#8243; text_font_size=&#8221;22px&#8221; custom_margin=&#8221;8px||&#8221; custom_padding=&#8221;35px||&#8221;]<\/p>\n<p><strong>* ROPEC: Registre Oficial de Professionals de l&#8217;esport de Catalunya<\/strong><\/p>\n<p>[\/et_pb_text][\/et_pb_column][\/et_pb_row][et_pb_row column_structure=&#8221;1_3,1_3,1_3&#8243; _builder_version=&#8221;4.4.2&#8243;][et_pb_column type=&#8221;1_3&#8243; _builder_version=&#8221;4.4.2&#8243;][\/et_pb_column][et_pb_column type=&#8221;1_3&#8243; _builder_version=&#8221;4.4.2&#8243;][\/et_pb_column][et_pb_column type=&#8221;1_3&#8243; _builder_version=&#8221;4.4.2&#8243;][et_pb_blurb_extended title=&#8221;Haz tu reserva en Costearing cala del peix desde 45 \u20ac&#8221; url=&#8221;https:\/\/coasteringcaladelpeix.com\/contacto\/&#8221; read_more_button=&#8221;on&#8221; read_more_text=&#8221;Reserva ahora&#8221; read_more_hover_background_color=&#8221;#f2f2f2&#8243; read_more_hover_text_color=&#8221;#000000&#8243; use_icon=&#8221;on&#8221; font_icon=&#8221;%%49%%&#8221; icon_color=&#8221;#f2f2f2&#8243; use_icon_font_size=&#8221;on&#8221; icon_font_size=&#8221;30px&#8221; icon_hover_color=&#8221;#000000&#8243; style_icon=&#8221;on&#8221; shape_color=&#8221;#0c71c3&#8243; shape_hover_color=&#8221;#edf000&#8243; use_shape_border=&#8221;on&#8221; shape_border_hover_color=&#8221;#000000&#8243; content_background_color=&#8221;#e09900&#8243; text_hover_color=&#8221;#e09900&#8243; blurb_layout=&#8221;borderbox&#8221; borderbox_border_color=&#8221;rgba(43,130,58,0.79)&#8221; _builder_version=&#8221;4.4.7&#8243; header_text_color=&#8221;#efefef&#8221; header_font_size=&#8221;19px&#8221; custom_read_more=&#8221;on&#8221; read_more_text_size=&#8221;15px&#8221; read_more_text_color=&#8221;#000000&#8243; read_more_bg_color=&#8221;#efefef&#8221;][\/et_pb_blurb_extended][\/et_pb_column][\/et_pb_row][\/et_pb_section]<\/p>\n","protected":false},"excerpt":{"rendered":"<p><div class=\"et_pb_module dsm_perspective_image dsm_perspective_image_0\">\n\t\t\t\t\n\t\t\t\t\n\t\t\t\t\n\t\t\t\t\n\t\t\t\t\n\t\t\t\t\n\t\t\t\t<div class=\"et_pb_module_inner\">\n\t\t\t\t\t<div class=\"dsm-perspective-image-wrapper et_always_center_on_mobile\">\n\t\t\t\t\n\t\t\t\t\n\t\t\t\t<span class=\"et_pb_image_wrap \"><img src=\"\" alt=\"\" \/><\/span>\n\t\t\t<\/div>\n\t\t\t\t<\/div>\n\t\t\t<\/div><div class=\"et_pb_module dsm_perspective_image dsm_perspective_image_1\">\n\t\t\t\t\n\t\t\t\t\n\t\t\t\t\n\t\t\t\t\n\t\t\t\t\n\t\t\t\t\n\t\t\t\t<div class=\"et_pb_module_inner\">\n\t\t\t\t\t<div class=\"dsm-perspective-image-wrapper et_always_center_on_mobile\">\n\t\t\t\t\n\t\t\t\t\n\t\t\t\t<span class=\"et_pb_image_wrap \"><img src=\"http:\/\/coasteringcaladelpeix.com\/wp-content\/uploads\/2020\/07\/FOTO-4mini2.jpg\" alt=\"\" title=\"FOTO 4mini2\" \/><\/span>\n\t\t\t<\/div>\n\t\t\t\t<\/div>\n\t\t\t<\/div>DANI JIMENEZResponsable via guiada &#8211; Gu\u00eda certificado por barrancos. &#8211; N\u00famero ROPEC*: 030774.Nivel t\u00e9cnico en Via FerrataNivel t\u00e9cnico en BarrancosNivel t\u00e9cnico en escaladaCatalanEspa\u00f1olInglesFrancesJEAN PATRICKResponsable alquiler de material y atenci\u00f3n a los clientes \u00a0&#8211; T\u00e9nico deportivo en barrancos nivel II. &#8211; N\u00famero ROPEC* 025041. &#8211; Seguro RC [&hellip;]<\/p>\n","protected":false},"author":1,"featured_media":0,"parent":0,"menu_order":0,"comment_status":"closed","ping_status":"closed","template":"","meta":{"_et_pb_use_builder":"on","_et_pb_old_content":"","_et_gb_content_width":""},"_links":{"self":[{"href":"https:\/\/coasteringcaladelpeix.com\/en\/wp-json\/wp\/v2\/pages\/514"}],"collection":[{"href":"https:\/\/coasteringcaladelpeix.com\/en\/wp-json\/wp\/v2\/pages"}],"about":[{"href":"https:\/\/coasteringcaladelpeix.com\/en\/wp-json\/wp\/v2\/types\/page"}],"author":[{"embeddable":true,"href":"https:\/\/coasteringcaladelpeix.com\/en\/wp-json\/wp\/v2\/users\/1"}],"replies":[{"embeddable":true,"href":"https:\/\/coasteringcaladelpeix.com\/en\/wp-json\/wp\/v2\/comments?post=514"}],"version-history":[{"count":2,"href":"https:\/\/coasteringcaladelpeix.com\/en\/wp-json\/wp\/v2\/pages\/514\/revisions"}],"predecessor-version":[{"id":519,"href":"https:\/\/coasteringcaladelpeix.com\/en\/wp-json\/wp\/v2\/pages\/514\/revisions\/519"}],"wp:attachment":[{"href":"https:\/\/coasteringcaladelpeix.com\/en\/wp-json\/wp\/v2\/media?parent=514"}],"curies":[{"name":"wp","href":"https:\/\/api.w.org\/{rel}","templated":true}]}}