{"id":256,"date":"2020-08-14T09:24:16","date_gmt":"2020-08-14T09:24:16","guid":{"rendered":"http:\/\/coasteringcaladelpeix.com\/inici\/"},"modified":"2020-08-17T21:11:49","modified_gmt":"2020-08-17T21:11:49","slug":"inici","status":"publish","type":"page","link":"https:\/\/coasteringcaladelpeix.com\/ca\/","title":{"rendered":"Inici"},"content":{"rendered":"<p>[et_pb_section fb_built=&#8221;1&#8243; fullwidth=&#8221;on&#8221; _builder_version=&#8221;4.4.7&#8243;][et_pb_fullwidth_header title=&#8221;Coastering Cala del Peix&#8221; header_fullscreen=&#8221;on&#8221; _builder_version=&#8221;4.5.6&#8243; title_font=&#8221;|700|||||||&#8221; title_font_size=&#8221;37px&#8221; background_enable_color=&#8221;off&#8221; background_image=&#8221;http:\/\/coasteringcaladelpeix.com\/wp-content\/uploads\/2020\/07\/Coasteringcaladelpeix1.jpg&#8221; hover_enabled=&#8221;0&#8243; title_font_size_tablet=&#8221;&#8221; title_font_size_phone=&#8221;32px&#8221; title_font_size_last_edited=&#8221;on|phone&#8221;][\/et_pb_fullwidth_header][\/et_pb_section][et_pb_section fb_built=&#8221;1&#8243; _builder_version=&#8221;4.4.7&#8243;][et_pb_row _builder_version=&#8221;4.4.7&#8243;][et_pb_column type=&#8221;4_4&#8243; _builder_version=&#8221;4.4.7&#8243;][et_pb_text _builder_version=&#8221;4.5.6&#8243; text_font=&#8221;|600|||||||&#8221; text_text_color=&#8221;#0c71c3&#8243; text_font_size=&#8221;23px&#8221; text_orientation=&#8221;center&#8221; hover_enabled=&#8221;0&#8243;]COASTERING CALA DEL PEIX[\/et_pb_text][\/et_pb_column][\/et_pb_row][et_pb_row _builder_version=&#8221;4.4.7&#8243;][et_pb_column type=&#8221;4_4&#8243; _builder_version=&#8221;4.4.7&#8243;][et_pb_text _builder_version=&#8221;4.5.6&#8243; text_font=&#8221;|600|||||||&#8221; text_text_color=&#8221;#0c71c3&#8243; text_font_size=&#8221;21px&#8221; custom_margin=&#8221;||29px|||&#8221; hover_enabled=&#8221;0&#8243;]T&#8217; agrada el Barranc ?[\/et_pb_text][et_pb_image src=&#8221;http:\/\/coasteringcaladelpeix.com\/wp-content\/uploads\/2020\/07\/FOTO-1mini.jpg&#8221; title_text=&#8221;Coastering cala del Peix&#8221; _builder_version=&#8221;4.5.6&#8243; hover_enabled=&#8221;0&#8243;][\/et_pb_image][et_pb_text _builder_version=&#8221;4.5.6&#8243; text_font=&#8221;|600|||||||&#8221; text_text_color=&#8221;#000000&#8243; text_font_size=&#8221;21px&#8221; hover_enabled=&#8221;0&#8243;]<\/p>\n<p><span style=\"vertical-align: inherit;\"><span style=\"vertical-align: inherit;\"><span style=\"vertical-align: inherit;\"><span style=\"vertical-align: inherit;\">T&#8217;encantar\u00e0 el coastering de la cala del Peix ubicat a\u00a0 Sant Feliu de Gu\u00edxols al cor de la Costa Brava a l&#8217;\u00fanic coastering conegut que utilitza les mateixes t\u00e8cniques que els barrancs.<\/span><\/span><\/span><\/span><\/p>\n<p>[\/et_pb_text][et_pb_image src=&#8221;http:\/\/coasteringcaladelpeix.com\/wp-content\/uploads\/2020\/07\/FOTO-2mini.jpg&#8221; title_text=&#8221;OLYMPUS DIGITAL CAMERA&#8221; _builder_version=&#8221;4.4.7&#8243;][\/et_pb_image][et_pb_text _builder_version=&#8221;4.5.6&#8243; text_font=&#8221;|600|||||||&#8221; text_text_color=&#8221;#000000&#8243; text_font_size=&#8221;21px&#8221; hover_enabled=&#8221;0&#8243;]<\/p>\n<p><span style=\"vertical-align: inherit;\"><span style=\"vertical-align: inherit;\">Aprofitant els anys d&#8217;experi\u00e8ncia en barrancs i v\u00eda ferrata he imaginat el coastering Cala del Peix a Sant Feliu de Guixols pels amants dels barrancs.<\/span><\/span><\/p>\n<p>[\/et_pb_text][et_pb_image src=&#8221;http:\/\/coasteringcaladelpeix.com\/wp-content\/uploads\/2020\/07\/3mini.jpg&#8221; title_text=&#8221;Coastering Fant Feliu de Guixols&#8221; _builder_version=&#8221;4.4.7&#8243;][\/et_pb_image][et_pb_text _builder_version=&#8221;4.5.6&#8243; text_font=&#8221;|600|||||||&#8221; text_text_color=&#8221;#000000&#8243; text_font_size=&#8221;21px&#8221; hover_enabled=&#8221;0&#8243;]<\/p>\n<p><span style=\"vertical-align: inherit;\"><span style=\"vertical-align: inherit;\">Ets un barranquista confirmat o un principient? no hi ha problema, adaptem la ruta al teu nivell perqu\u00e8 puguis gaudir de la teva activida amb toda seguritat.<\/span><\/span><\/p>\n<p>[\/et_pb_text][et_pb_text _builder_version=&#8221;4.5.6&#8243; text_font=&#8221;|600|||||||&#8221; text_text_color=&#8221;#0c71c3&#8243; text_font_size=&#8221;24px&#8221; custom_margin=&#8221;||29px|||&#8221; hover_enabled=&#8221;0&#8243;]DESCRIPCIONS :[\/et_pb_text][et_pb_text _builder_version=&#8221;4.5.6&#8243; text_font=&#8221;|600|||||||&#8221; text_text_color=&#8221;#000000&#8243; text_font_size=&#8221;21px&#8221; hover_enabled=&#8221;0&#8243;]<\/p>\n<p><span style=\"vertical-align: inherit;\"><span style=\"vertical-align: inherit;\">Amb els seus 3 rappels, 5 salts, 1 tirolina, 2 coves el coastering cala del peix et dixar\u00e0 un record inolvidable.<\/span><\/span><\/p>\n<p>[\/et_pb_text][\/et_pb_column][\/et_pb_row][et_pb_row column_structure=&#8221;1_2,1_2&#8243; _builder_version=&#8221;4.4.7&#8243;][et_pb_column type=&#8221;1_2&#8243; _builder_version=&#8221;4.4.7&#8243;][et_pb_text _builder_version=&#8221;4.4.7&#8243;]<iframe loading=\"lazy\" src=\"https:\/\/www.youtube.com\/embed\/sNxpf2dh4d4\" width=\"956\" height=\"538\" frameborder=\"0\" allowfullscreen=\"allowfullscreen\"><\/iframe>[\/et_pb_text][\/et_pb_column][et_pb_column type=&#8221;1_2&#8243; _builder_version=&#8221;4.4.7&#8243;][et_pb_text _builder_version=&#8221;4.4.7&#8243;]<iframe loading=\"lazy\" src=\"https:\/\/www.youtube.com\/embed\/AbhcqGVX8Ls\" width=\"956\" height=\"538\" frameborder=\"0\" allowfullscreen=\"allowfullscreen\"><\/iframe>[\/et_pb_text][\/et_pb_column][\/et_pb_row][\/et_pb_section]<\/p>\n","protected":false},"excerpt":{"rendered":"<p>COASTERING CALA DEL PEIXT&#8217; agrada el Barranc ?T&#8217;encantar\u00e0 el coastering de la cala del Peix ubicat a\u00a0 Sant Feliu de Gu\u00edxols al cor de la Costa Brava a l&#8217;\u00fanic coastering conegut que utilitza les mateixes t\u00e8cniques que els barrancs. Aprofitant els anys d&#8217;experi\u00e8ncia en barrancs i v\u00eda ferrata he imaginat el coastering Cala del Peix [&hellip;]<\/p>\n","protected":false},"author":1,"featured_media":0,"parent":0,"menu_order":0,"comment_status":"closed","ping_status":"closed","template":"","meta":{"_et_pb_use_builder":"on","_et_pb_old_content":"","_et_gb_content_width":""},"_links":{"self":[{"href":"https:\/\/coasteringcaladelpeix.com\/ca\/wp-json\/wp\/v2\/pages\/256"}],"collection":[{"href":"https:\/\/coasteringcaladelpeix.com\/ca\/wp-json\/wp\/v2\/pages"}],"about":[{"href":"https:\/\/coasteringcaladelpeix.com\/ca\/wp-json\/wp\/v2\/types\/page"}],"author":[{"embeddable":true,"href":"https:\/\/coasteringcaladelpeix.com\/ca\/wp-json\/wp\/v2\/users\/1"}],"replies":[{"embeddable":true,"href":"https:\/\/coasteringcaladelpeix.com\/ca\/wp-json\/wp\/v2\/comments?post=256"}],"version-history":[{"count":3,"href":"https:\/\/coasteringcaladelpeix.com\/ca\/wp-json\/wp\/v2\/pages\/256\/revisions"}],"predecessor-version":[{"id":273,"href":"https:\/\/coasteringcaladelpeix.com\/ca\/wp-json\/wp\/v2\/pages\/256\/revisions\/273"}],"wp:attachment":[{"href":"https:\/\/coasteringcaladelpeix.com\/ca\/wp-json\/wp\/v2\/media?parent=256"}],"curies":[{"name":"wp","href":"https:\/\/api.w.org\/{rel}","templated":true}]}}